 {"id":2428,"date":"2024-05-11T03:28:25","date_gmt":"2024-05-11T03:28:25","guid":{"rendered":"http:\/\/localhost\/Cleanssarl\/?post_type=product&#038;p=2428"},"modified":"2024-05-11T03:28:26","modified_gmt":"2024-05-11T03:28:26","slug":"distributeur-moderne-de-serviettes-en-papier-pliables-en-z-200-pieces-blanc-transparent","status":"publish","type":"product","link":"https:\/\/cleanssarl.com\/en\/product\/distributeur-moderne-de-serviettes-en-papier-pliables-en-z-200-pieces-blanc-transparent\/","title":{"rendered":"Modern Z-Fold Paper Towel Dispenser, 200 Pieces, Clear White"},"content":{"rendered":"<p>Z-folded napkin dispensers, favored in areas of common use such as hotels, hospitals, shopping centers, kitchens, offices or schools, play an important role in terms of hygiene and savings .<\/p>\n<p>Is it hygienic?<\/p>\n<p>Paper towel dispensers, which ensure hygiene in public spaces, are of different types depending on the needs and capacity of the place.<\/p>\n<p>It protects hygiene because no one touches the paper towels placed inside.<\/p>\n<p>Is there a locking system?<\/p>\n<p>Rulopak Z-Fold dispenser types are products that do not require cutting the paper towel inside. Products offering a high level of hygiene create a benefit for the user.<\/p>\n<p>The Rulopak Z-folded napkin dispenser saves your time by using it quickly. This product, equipped with a locking system, allows you to save on towels by providing safe use.<\/p>\n<p>Is it sustainable?<\/p>\n<p>The Rulopak Z-fold paper towel dispenser is produced from quality materials and offers durable use. This product demonstrates its safety and durability by being favored in public spaces.<\/p>\n<p>Main Features;<\/p>\n<ul>\n<li>It is both practical and economical since it is possible to purchase the towels individually.<\/li>\n<li>Paper towels remain in a closed chamber, ensuring constant hygiene.<\/li>\n<li>It is easy to maintain and clean.<\/li>\n<li>It allows long-term use.<\/li>\n<li>It is the ideal product for bathrooms and kitchens.<\/li>\n<li>There is no need for electricity or battery power.<\/li>\n<\/ul>\n<p>Technical specifications;<\/p>\n<ul>\n<li>Manual operation<\/li>\n<li>It is made of ABS material.<\/li>\n<li>Il a des dimensions de 28,5 x 22,5 cm.<\/li>\n<li>200 sheet capacity<\/li>\n<li>0,5Kg<\/li>\n<\/ul>","protected":false},"excerpt":{"rendered":"<p>Les distributeurs de serviettes pli\u00e9es en Z, privil\u00e9gi\u00e9s dans les zones d&rsquo;usage courant telles que les h\u00f4tels, les h\u00f4pitaux, les centres commerciaux, les cuisines, les bureaux ou les \u00e9coles, jouent un r\u00f4le important en termes d&rsquo;hygi\u00e8ne et d&rsquo;\u00e9conomies. Est-ce hygi\u00e9nique ? Les distributeurs d&rsquo;essuie-tout, qui assurent l&rsquo;hygi\u00e8ne dans les espaces publics, sont de diff\u00e9rents types [&hellip;]<\/p>","protected":false},"featured_media":2429,"template":"","meta":{"wprm-recipe-roundup-name":"","wprm-recipe-roundup-description":""},"product_brand":[],"product_cat":[65],"product_tag":[],"class_list":{"0":"post-2428","1":"product","2":"type-product","3":"status-publish","4":"has-post-thumbnail","6":"product_cat-distributeur-papier-essuie-main","8":"first","9":"instock","10":"shipping-taxable","11":"product-type-simple"},"_links":{"self":[{"href":"https:\/\/cleanssarl.com\/en\/wp-json\/wp\/v2\/product\/2428","targetHints":{"allow":["GET"]}}],"collection":[{"href":"https:\/\/cleanssarl.com\/en\/wp-json\/wp\/v2\/product"}],"about":[{"href":"https:\/\/cleanssarl.com\/en\/wp-json\/wp\/v2\/types\/product"}],"wp:featuredmedia":[{"embeddable":true,"href":"https:\/\/cleanssarl.com\/en\/wp-json\/wp\/v2\/media\/2429"}],"wp:attachment":[{"href":"https:\/\/cleanssarl.com\/en\/wp-json\/wp\/v2\/media?parent=2428"}],"wp:term":[{"taxonomy":"product_brand","embeddable":true,"href":"https:\/\/cleanssarl.com\/en\/wp-json\/wp\/v2\/product_brand?post=2428"},{"taxonomy":"product_cat","embeddable":true,"href":"https:\/\/cleanssarl.com\/en\/wp-json\/wp\/v2\/product_cat?post=2428"},{"taxonomy":"product_tag","embeddable":true,"href":"https:\/\/cleanssarl.com\/en\/wp-json\/wp\/v2\/product_tag?post=2428"}],"curies":[{"name":"wp","href":"https:\/\/api.w.org\/{rel}","templated":true}]}}