 {"id":2356,"date":"2024-05-10T20:41:24","date_gmt":"2024-05-10T20:41:24","guid":{"rendered":"http:\/\/localhost\/Cleanssarl\/?post_type=product&#038;p=2356"},"modified":"2024-05-10T20:41:25","modified_gmt":"2024-05-10T20:41:25","slug":"seche-mains-en-acier-inoxydable-turbo-jet","status":"publish","type":"product","link":"https:\/\/cleanssarl.com\/en\/product\/seche-mains-en-acier-inoxydable-turbo-jet\/","title":{"rendered":"Turbo Jet Stainless Steel Hand Dryer"},"content":{"rendered":"<div id=\"tab-description\" class=\"tab-content p-ayar is-active\">\n<p>The Rulopak hand dryer is suitable for use in restaurants, shopping centers or cafes.<\/p>\n<p>It is located in commercial sinks. It creates a hygienic environment in areas with high human traffic.<\/p>\n<p>Paper consumption reaches high levels where people do not want to consume it or where traffic is heavy. Rulopak hand dryers eliminate this problem.<\/p>\n<p>Rulopak high-performance hand dryers minimize your paper consumption.<\/p>\n<p>Rulopak hand dryers, with extremely optimal blowing and drying speeds, help you save energy.<\/p>\n<p>The Rulopak hand dryer helps you provide maximum hygiene at minimum cost.<\/p>\n<p>Main Features;<\/p>\n<ul>\n<li>Digital circuit and transparent IR sensor<\/li>\n<li>Made of 304 grade stainless steel.<\/li>\n<li>Hand drying time in 5-7 seconds with high air speed<\/li>\n<li>Impact resistant design<\/li>\n<li>Wall or standing capacity<\/li>\n<li>It adjusts the blowing temperature according to the ambient temperature.<\/li>\n<li>Brushless motor.<\/li>\n<\/ul>\n<p>Technical specifications;<\/p>\n<ul>\n<li>Voltage: 220-240V<\/li>\n<li>50Hz<\/li>\n<li>Power: 1500W<\/li>\n<li>Sound level: 60 Db<\/li>\n<li>Blowing speed: 95 m\/s<\/li>\n<li>Security: IPX1<\/li>\n<\/ul>\n<\/div>","protected":false},"excerpt":{"rendered":"<p>Le s\u00e8che-mains Rulopak convient \u00e0 une utilisation dans les restaurants, les centres commerciaux ou les caf\u00e9s. On le situe dans les lavabos des commerces. Il cr\u00e9e un environnement hygi\u00e9nique dans les zones \u00e0 forte circulation humaine. La consommation de papier atteint des niveaux \u00e9lev\u00e9s l\u00e0 o\u00f9 on ne souhaite pas en consommer ou l\u00e0 o\u00f9 [&hellip;]<\/p>","protected":false},"featured_media":2357,"template":"","meta":{"wprm-recipe-roundup-name":"","wprm-recipe-roundup-description":""},"product_brand":[],"product_cat":[72],"product_tag":[],"class_list":{"0":"post-2356","1":"product","2":"type-product","3":"status-publish","4":"has-post-thumbnail","6":"product_cat-seche-main","8":"first","9":"instock","10":"shipping-taxable","11":"product-type-simple"},"_links":{"self":[{"href":"https:\/\/cleanssarl.com\/en\/wp-json\/wp\/v2\/product\/2356","targetHints":{"allow":["GET"]}}],"collection":[{"href":"https:\/\/cleanssarl.com\/en\/wp-json\/wp\/v2\/product"}],"about":[{"href":"https:\/\/cleanssarl.com\/en\/wp-json\/wp\/v2\/types\/product"}],"wp:featuredmedia":[{"embeddable":true,"href":"https:\/\/cleanssarl.com\/en\/wp-json\/wp\/v2\/media\/2357"}],"wp:attachment":[{"href":"https:\/\/cleanssarl.com\/en\/wp-json\/wp\/v2\/media?parent=2356"}],"wp:term":[{"taxonomy":"product_brand","embeddable":true,"href":"https:\/\/cleanssarl.com\/en\/wp-json\/wp\/v2\/product_brand?post=2356"},{"taxonomy":"product_cat","embeddable":true,"href":"https:\/\/cleanssarl.com\/en\/wp-json\/wp\/v2\/product_cat?post=2356"},{"taxonomy":"product_tag","embeddable":true,"href":"https:\/\/cleanssarl.com\/en\/wp-json\/wp\/v2\/product_tag?post=2356"}],"curies":[{"name":"wp","href":"https:\/\/api.w.org\/{rel}","templated":true}]}}